{"id":1261,"date":"2018-11-29T14:27:01","date_gmt":"2018-11-29T14:27:01","guid":{"rendered":"http:\/\/quintadascamelias.com\/novo-site\/?page_id=1261"},"modified":"2023-02-16T17:07:00","modified_gmt":"2023-02-16T17:07:00","slug":"politica-de-uso","status":"publish","type":"page","link":"https:\/\/casadotorreao.pt\/index.php\/politica-de-uso\/","title":{"rendered":"Pol\u00edtica de Uso"},"content":{"rendered":"<p><div class=\"fusion-bg-parallax\" data-bg-align=\"center bottom\" data-direction=\"down\" data-mute=\"false\" data-opacity=\"100\" data-velocity=\"-0.4\" data-mobile-enabled=\"false\" data-break_parents=\"0\" data-bg-image=\"https:\/\/casadotorreao.pt\/wp-content\/uploads\/2019\/04\/casa-do-torreao-1.jpg\" data-bg-repeat=\"false\" ><\/div><div class=\"fusion-fullwidth fullwidth-box fusion-builder-row-1 fusion-parallax-down nonhundred-percent-fullwidth non-hundred-percent-height-scrolling\" style=\"--awb-background-position:center bottom;--awb-border-sizes-top:0px;--awb-border-sizes-bottom:0px;--awb-border-sizes-left:0px;--awb-border-sizes-right:0px;--awb-border-radius-top-left:0px;--awb-border-radius-top-right:0px;--awb-border-radius-bottom-right:0px;--awb-border-radius-bottom-left:0px;--awb-padding-top:10%;--awb-padding-right:5%;--awb-padding-bottom:10%;--awb-padding-left:5%;--awb-background-image:url(&quot;https:\/\/casadotorreao.pt\/wp-content\/uploads\/2019\/04\/casa-do-torreao-1.jpg&quot;);--awb-background-size:cover;\" ><div class=\"fusion-builder-row fusion-row\"><div class=\"fusion-layout-column fusion_builder_column fusion-builder-column-0 fusion_builder_column_1_1 1_1 fusion-one-full fusion-column-first fusion-column-last\" style=\"--awb-bg-size:cover;\"><div class=\"fusion-column-wrapper fusion-flex-column-wrapper-legacy\"><div class=\"fusion-sep-clear\"><\/div><div class=\"fusion-separator fusion-full-width-sep\" style=\"margin-left: auto;margin-right: auto;margin-top:20px;width:100%;\"><div class=\"fusion-separator-border sep-single\" style=\"--awb-height:20px;--awb-amount:20px;--awb-sep-color:rgba(255,255,255,0);border-color:rgba(255,255,255,0);border-top-width:1px;\"><\/div><\/div><div class=\"fusion-sep-clear\"><\/div><div class=\"fusion-text fusion-text-1\"><h2 style=\"text-align: center;\"><span style=\"color: #fff;\">Pol\u00edticas de Uso<\/span><\/h2>\n<\/div><div class=\"fusion-clearfix\"><\/div><\/div><\/div><\/div><\/div><div id=\"poli\" class=\"fusion-container-anchor\"><div class=\"fusion-fullwidth fullwidth-box fusion-builder-row-2 nonhundred-percent-fullwidth non-hundred-percent-height-scrolling\" style=\"--awb-border-radius-top-left:0px;--awb-border-radius-top-right:0px;--awb-border-radius-bottom-right:0px;--awb-border-radius-bottom-left:0px;\" ><div class=\"fusion-builder-row fusion-row\"><div class=\"fusion-layout-column fusion_builder_column fusion-builder-column-1 fusion_builder_column_1_1 1_1 fusion-one-full fusion-column-first fusion-column-last\" style=\"--awb-bg-size:cover;\"><div class=\"fusion-column-wrapper fusion-flex-column-wrapper-legacy\"><div class=\"fusion-sep-clear\"><\/div><div class=\"fusion-separator fusion-full-width-sep\" style=\"margin-left: auto;margin-right: auto;margin-top:40px;width:100%;\"><\/div><div class=\"fusion-sep-clear\"><\/div><div class=\"fusion-text fusion-text-2\"><p><span style=\"font-size: 16px;\"><strong>WEBSITE:<\/strong><\/span><br \/>\n\u25cf Os conte\u00fados apresentados no site poder\u00e3o eventualmente apresentar algum equivoco. A Casa do Torre\u00e3o poder\u00e1 em qualquer momento efetuar modifica\u00e7\u00f5es ou corre\u00e7\u00f5es \u00e0 informa\u00e7\u00e3o publicada.<\/p>\n<p>\u25cf N\u00e3o \u00e9 permitida a modifica\u00e7\u00e3o dos conte\u00fados e informa\u00e7\u00f5es disponibilizados neste site.<\/p>\n<p>\u25cf Livro de reclama\u00e7\u00f5es <a target=\"_blank\" rel=\"noopener noreferrer\" href=\"https:\/\/www.livroreclamacoes.pt\/INICIO\/\">online<\/a>.<\/p>\n<p>\u25cf Qualquer d\u00favida poder\u00e1 contactar-nos por telefone (+351) 918 290 567 (chamada para rede m\u00f3vel nacional) ou por e-mail para geral@casadotorreao.pt.<\/p>\n<p>\u25cf As marcas apresentadas neste Website e respectivas imagens, produtos e Log\u00f3tipos, s\u00e3o propriedade dos respectivos donos, sendo aqui apresentadas para uso informativo.<\/p>\n<p><span style=\"font-size: 16px;\"><strong>POL\u00cdTICA DE QUALIDADE DOS SERVI\u00c7OS:<\/strong><\/span><br \/>\n\u25cf A Casa do Torre\u00e3o oferece-lhe um servi\u00e7o onde lhe garante a melhor rela\u00e7\u00e3o qualidade \/ pre\u00e7o.<\/p>\n<p><span style=\"font-size: 16px;\"><strong>POL\u00cdTICA DE PRIVACIDADE:<\/strong><\/span><br \/>\n\u25cf Os dados pessoais preenchidos nos formul\u00e1rios de contactos ou outros formul\u00e1rios do website, servem apenas para responder \u00e0 solicita\u00e7\u00e3o do cliente e apenas isso, n\u00e3o sendo usados para qualquer bases de dados ou outros fins.<\/p>\n<\/div><div class=\"fusion-sep-clear\"><\/div><div class=\"fusion-separator fusion-full-width-sep\" style=\"margin-left: auto;margin-right: auto;margin-top:40px;width:100%;\"><\/div><div class=\"fusion-sep-clear\"><\/div><div class=\"fusion-clearfix\"><\/div><\/div><\/div><\/div><\/div><\/div><\/p>\n","protected":false},"excerpt":{"rendered":"","protected":false},"author":1,"featured_media":0,"parent":0,"menu_order":0,"comment_status":"closed","ping_status":"closed","template":"100-width.php","meta":{"footnotes":""},"aioseo_notices":[],"_links":{"self":[{"href":"https:\/\/casadotorreao.pt\/index.php\/wp-json\/wp\/v2\/pages\/1261"}],"collection":[{"href":"https:\/\/casadotorreao.pt\/index.php\/wp-json\/wp\/v2\/pages"}],"about":[{"href":"https:\/\/casadotorreao.pt\/index.php\/wp-json\/wp\/v2\/types\/page"}],"author":[{"embeddable":true,"href":"https:\/\/casadotorreao.pt\/index.php\/wp-json\/wp\/v2\/users\/1"}],"replies":[{"embeddable":true,"href":"https:\/\/casadotorreao.pt\/index.php\/wp-json\/wp\/v2\/comments?post=1261"}],"version-history":[{"count":26,"href":"https:\/\/casadotorreao.pt\/index.php\/wp-json\/wp\/v2\/pages\/1261\/revisions"}],"predecessor-version":[{"id":2090,"href":"https:\/\/casadotorreao.pt\/index.php\/wp-json\/wp\/v2\/pages\/1261\/revisions\/2090"}],"wp:attachment":[{"href":"https:\/\/casadotorreao.pt\/index.php\/wp-json\/wp\/v2\/media?parent=1261"}],"curies":[{"name":"wp","href":"https:\/\/api.w.org\/{rel}","templated":true}]}}